{"id":6684,"date":"2014-12-16T15:55:38","date_gmt":"2014-12-16T15:55:38","guid":{"rendered":"http:\/\/gitedugrandcerf.com\/w\/?page_id=6684"},"modified":"2026-01-05T10:25:15","modified_gmt":"2026-01-05T10:25:15","slug":"contact","status":"publish","type":"page","link":"https:\/\/gitedugrandcerf.com\/w\/contact","title":{"rendered":"Contact"},"content":{"rendered":"<div class=\"wpb-content-wrapper\">[vc_row][vc_column][vc_raw_html css=\u00a0\u00bb\u00a0\u00bb]JTNDc3R5bGUlM0UuZmYtZGVmYXVsdCUyMC5mZi1lbC1pbnB1dC0tbGFiZWwlMjBsYWJlbCUyQyUyMC5mcm0tZmx1ZW50LWZvcm0lMjAuY2hvaWNlc19fbGlzdC0tZHJvcGRvd24lMjAuY2hvaWNlc19faXRlbS0tc2VsZWN0YWJsZS5pcy1oaWdobGlnaHRlZCUyQyUyMCUyMCUyMCUyMCUyMC5mcm0tZmx1ZW50LWZvcm0lMjAuY2hvaWNlc19fbGlzdC0tZHJvcGRvd24lMjAuY2hvaWNlc19faXRlbS0tc2VsZWN0YWJsZSUyQyUyMC5mZi1tZXNzYWdlLXN1Y2Nlc3MlMjAlN0IlMjBjb2xvciUzQSUyMzAwMDAwMCUyMWltcG9ydGFudCUzQiUyMCU3RCUzQyUyRnN0eWxlJTNF[\/vc_raw_html][\/vc_column][\/vc_row][vc_row][vc_column][vc_column_text]<div class='fluentform ff-default fluentform_wrapper_3 ffs_default_wrap'><form data-form_id=\"3\" id=\"fluentform_3\" class=\"frm-fluent-form fluent_form_3 ff-el-form-top ff_form_instance_3_1 ff-form-loading ffs_default\" data-form_instance=\"ff_form_instance_3_1\" method=\"POST\" ><fieldset  style=\"border: none!important;margin: 0!important;padding: 0!important;background-color: transparent!important;box-shadow: none!important;outline: none!important; min-inline-size: 100%;\">\n                    <legend class=\"ff_screen_reader_title\" style=\"display: block; margin: 0!important;padding: 0!important;height: 0!important;text-indent: -999999px;width: 0!important;overflow:hidden;\">Formulaire de contact<\/legend><input type='hidden' name='__fluent_form_embded_post_id' value='6684' \/><input type=\"hidden\" id=\"_fluentform_3_fluentformnonce\" name=\"_fluentform_3_fluentformnonce\" value=\"288cce6b63\" \/><input type=\"hidden\" name=\"_wp_http_referer\" value=\"\/w\/wp-json\/wp\/v2\/pages\/6684\" \/><div data-type=\"name-element\" data-name=\"names\" class=\" ff-field_container ff-name-field-wrapper\" ><div class='ff-t-container'><div class='ff-t-cell '><div class='ff-el-group'><div class=\"ff-el-input--label ff-el-is-required asterisk-right\"><label for='ff_3_names_first_name_' id='label_ff_3_names_first_name_' >Nom<\/label><\/div><div class='ff-el-input--content'><input type=\"text\" name=\"names[first_name]\" id=\"ff_3_names_first_name_\" class=\"ff-el-form-control\" aria-invalid=\"false\" aria-required=true><\/div><\/div><\/div><div class='ff-t-cell '><div class='ff-el-group'><div class=\"ff-el-input--label asterisk-right\"><label for='ff_3_names_last_name_' id='label_ff_3_names_last_name_' >Pr\u00e9nom<\/label><\/div><div class='ff-el-input--content'><input type=\"text\" name=\"names[last_name]\" id=\"ff_3_names_last_name_\" class=\"ff-el-form-control\" aria-invalid=\"false\" aria-required=false><\/div><\/div><\/div><\/div><\/div><div class='ff-el-group'><div class=\"ff-el-input--label ff-el-is-required asterisk-right\"><label for='ff_3_email' id='label_ff_3_email' aria-label=\"Email\">Email<\/label><\/div><div class='ff-el-input--content'><input type=\"email\" name=\"email\" id=\"ff_3_email\" class=\"ff-el-form-control\" data-name=\"email\"  aria-invalid=\"false\" aria-required=true><\/div><\/div><div class='ff-el-group'><div class=\"ff-el-input--label ff-el-is-required asterisk-right\"><label for='ff_3_input_text' id='label_ff_3_input_text' aria-label=\"T\u00e9l\u00e9phone\">T\u00e9l\u00e9phone<\/label><\/div><div class='ff-el-input--content'><input type=\"text\" name=\"input_text\" class=\"ff-el-form-control\" data-name=\"input_text\" id=\"ff_3_input_text\"  aria-invalid=\"false\" aria-required=true><\/div><\/div><div class='ff-el-group'><div class=\"ff-el-input--label asterisk-right\"><label for='ff_3_subject' id='label_ff_3_subject' aria-label=\"Soci\u00e9t\u00e9\">Soci\u00e9t\u00e9<\/label><\/div><div class='ff-el-input--content'><input type=\"text\" name=\"subject\" class=\"ff-el-form-control\" data-name=\"subject\" id=\"ff_3_subject\"  aria-invalid=\"false\" aria-required=false><\/div><\/div><div class='ff-el-group'><div class=\"ff-el-input--label asterisk-right\"><label for='ff_3_multi_select' id='label_ff_3_multi_select' aria-label=\"Comment nous avez-vous trouv\u00e9\">Comment nous avez-vous trouv\u00e9<\/label><\/div><div class='ff-el-input--content'><select name=\"multi_select[]\" id=\"ff_3_multi_select\" class=\"ff-el-form-control  ff_has_multi_select\" multiple=\"1\" data-name=\"multi_select\" data-calc_value=\"0\"  aria-invalid=\"false\" aria-required=\"false\" aria-labelledby=\"label_ff_3_multi_select\"><option value=\"Google, autre moteur de recherche\"  >Google, autre moteur de recherche<\/option><option value=\"Pages jaunes\"  >Pages jaunes<\/option><option value=\"Une connaissance\"  >Une connaissance<\/option><option value=\"Autre\"  >Autre<\/option><\/select><\/div><\/div><div class='ff-el-group'><div class=\"ff-el-input--label asterisk-right\"><label for='ff_3_subject_1' id='label_ff_3_subject_1' aria-label=\"Sujet\">Sujet<\/label><\/div><div class='ff-el-input--content'><input type=\"text\" name=\"subject_1\" class=\"ff-el-form-control\" data-name=\"subject_1\" id=\"ff_3_subject_1\"  aria-invalid=\"false\" aria-required=false><\/div><\/div><div class='ff-el-group'><div class=\"ff-el-input--label ff-el-is-required asterisk-right\"><label for='ff_3_message' id='label_ff_3_message' aria-label=\"Votre message\">Votre message<\/label><\/div><div class='ff-el-input--content'><textarea aria-required=\"true\" aria-labelledby=\"label_ff_3_message\" name=\"message\" id=\"ff_3_message\" class=\"ff-el-form-control\" rows=\"4\" cols=\"2\" data-name=\"message\" ><\/textarea><\/div><\/div><div class='ff-el-group ff-text-left ff_submit_btn_wrapper'><button type=\"submit\" class=\"ff-btn ff-btn-submit ff-btn-md ff_btn_style\"  aria-label=\"Envoyer votre demande\">Envoyer votre demande<\/button><\/div><\/fieldset><\/form><div id='fluentform_3_errors' class='ff-errors-in-stack ff_form_instance_3_1 ff-form-loading_errors ff_form_instance_3_1_errors'><\/div><\/div>            <script type=\"text\/javascript\">\n                window.fluent_form_ff_form_instance_3_1 = {\"id\":\"3\",\"settings\":{\"layout\":{\"labelPlacement\":\"top\",\"asteriskPlacement\":\"asterisk-right\",\"helpMessagePlacement\":\"with_label\",\"errorMessagePlacement\":\"inline\",\"cssClassName\":\"\"},\"restrictions\":{\"denyEmptySubmission\":{\"enabled\":false}}},\"form_instance\":\"ff_form_instance_3_1\",\"form_id_selector\":\"fluentform_3\",\"rules\":{\"names[first_name]\":{\"required\":{\"value\":true,\"message\":\"Ce champ est obligatoire\",\"global\":true,\"global_message\":\"Ce champ est obligatoire\"}},\"names[middle_name]\":{\"required\":{\"value\":false,\"message\":\"Ce champ est obligatoire\",\"global\":true,\"global_message\":\"Ce champ est obligatoire\"}},\"names[last_name]\":{\"required\":{\"value\":false,\"message\":\"Ce champ est obligatoire\",\"global\":true,\"global_message\":\"Ce champ est obligatoire\"}},\"email\":{\"required\":{\"value\":true,\"message\":\"Ce champ est obligatoire\",\"global\":true,\"global_message\":\"Ce champ est obligatoire\"},\"email\":{\"value\":true,\"message\":\"Ce champ doit contenir un e-mail valide\",\"global\":true,\"global_message\":\"Ce champ doit contenir un e-mail valide\"}},\"input_text\":{\"required\":{\"value\":true,\"message\":\"Ce champ est obligatoire\",\"global_message\":\"Ce champ est obligatoire\",\"global\":true}},\"subject\":{\"required\":{\"value\":false,\"message\":\"Ce champ est obligatoire\",\"global\":true,\"global_message\":\"Ce champ est obligatoire\"}},\"multi_select\":{\"required\":{\"value\":false,\"message\":\"Ce champ est obligatoire\",\"global_message\":\"Ce champ est obligatoire\",\"global\":true}},\"subject_1\":{\"required\":{\"value\":false,\"message\":\"Ce champ est obligatoire\",\"global\":true,\"global_message\":\"Ce champ est obligatoire\"}},\"message\":{\"required\":{\"value\":true,\"message\":\"Ce champ est obligatoire\",\"global\":true,\"global_message\":\"Ce champ est obligatoire\"}}},\"debounce_time\":300};\n                            <\/script>\n            [\/vc_column_text][\/vc_column][\/vc_row]\n<\/div>","protected":false},"excerpt":{"rendered":"<p>[vc_row][vc_column][vc_raw_html css=\u00a0\u00bb\u00a0\u00bb]JTNDc3R5bGUlM0UuZmYtZGVmYXVsdCUyMC5mZi1lbC1pbnB1dC0tbGFiZWwlMjBsYWJlbCUyQyUyMC5mcm0tZmx1ZW50LWZvcm0lMjAuY2hvaWNlc19fbGlzdC0tZHJvcGRvd24lMjAuY2hvaWNlc19faXRlbS0tc2VsZWN0YWJsZS5pcy1oaWdobGlnaHRlZCUyQyUyMCUyMCUyMCUyMCUyMC5mcm0tZmx1ZW50LWZvcm0lMjAuY2hvaWNlc19fbGlzdC0tZHJvcGRvd24lMjAuY2hvaWNlc19faXRlbS0tc2VsZWN0YWJsZSUyQyUyMC5mZi1tZXNzYWdlLXN1Y2Nlc3MlMjAlN0IlMjBjb2xvciUzQSUyMzAwMDAwMCUyMWltcG9ydGFudCUzQiUyMCU3RCUzQyUyRnN0eWxlJTNF[\/vc_raw_html][\/vc_column][\/vc_row][vc_row][vc_column][vc_column_text][\/vc_column_text][\/vc_column][\/vc_row]<\/p>\n","protected":false},"author":1,"featured_media":0,"parent":0,"menu_order":0,"comment_status":"closed","ping_status":"closed","template":"template-layout-content-sidebar.php","meta":{"_acf_changed":false,"_exactmetrics_skip_tracking":false,"_exactmetrics_sitenote_active":false,"_exactmetrics_sitenote_note":"","_exactmetrics_sitenote_category":0,"footnotes":""},"class_list":["post-6684","page","type-page","status-publish","hentry","no-post-thumbnail"],"acf":[],"yoast_head":"<!-- This site is optimized with the Yoast SEO plugin v27.2 - https:\/\/yoast.com\/product\/yoast-seo-wordpress\/ -->\n<title>Contact - G\u00eete du Grand Cerf Sarthe<\/title>\n<meta name=\"robots\" content=\"index, follow, max-snippet:-1, max-image-preview:large, max-video-preview:-1\" \/>\n<link rel=\"canonical\" href=\"https:\/\/gitedugrandcerf.com\/w\/contact\" \/>\n<meta property=\"og:locale\" content=\"fr_FR\" \/>\n<meta property=\"og:type\" content=\"article\" \/>\n<meta property=\"og:title\" content=\"Contact - G\u00eete du Grand Cerf Sarthe\" \/>\n<meta property=\"og:description\" content=\"[vc_row][vc_column][vc_raw_html css=\u00a0\u00bb\u00a0\u00bb]JTNDc3R5bGUlM0UuZmYtZGVmYXVsdCUyMC5mZi1lbC1pbnB1dC0tbGFiZWwlMjBsYWJlbCUyQyUyMC5mcm0tZmx1ZW50LWZvcm0lMjAuY2hvaWNlc19fbGlzdC0tZHJvcGRvd24lMjAuY2hvaWNlc19faXRlbS0tc2VsZWN0YWJsZS5pcy1oaWdobGlnaHRlZCUyQyUyMCUyMCUyMCUyMCUyMC5mcm0tZmx1ZW50LWZvcm0lMjAuY2hvaWNlc19fbGlzdC0tZHJvcGRvd24lMjAuY2hvaWNlc19faXRlbS0tc2VsZWN0YWJsZSUyQyUyMC5mZi1tZXNzYWdlLXN1Y2Nlc3MlMjAlN0IlMjBjb2xvciUzQSUyMzAwMDAwMCUyMWltcG9ydGFudCUzQiUyMCU3RCUzQyUyRnN0eWxlJTNF[\/vc_raw_html][\/vc_column][\/vc_row][vc_row][vc_column][vc_column_text][\/vc_column_text][\/vc_column][\/vc_row]\" \/>\n<meta property=\"og:url\" content=\"https:\/\/gitedugrandcerf.com\/w\/contact\" \/>\n<meta property=\"og:site_name\" content=\"G\u00eete du Grand Cerf Sarthe\" \/>\n<meta property=\"article:publisher\" content=\"https:\/\/www.facebook.com\/pages\/G%c3%aete-du-Grand-Cerf\/525910750877723\" \/>\n<meta property=\"article:modified_time\" content=\"2026-01-05T10:25:15+00:00\" \/>\n<meta name=\"twitter:label1\" content=\"Dur\u00e9e de lecture estim\u00e9e\" \/>\n\t<meta name=\"twitter:data1\" content=\"1 minute\" \/>\n<script type=\"application\/ld+json\" class=\"yoast-schema-graph\">{\"@context\":\"https:\/\/schema.org\",\"@graph\":[{\"@type\":\"WebPage\",\"@id\":\"https:\/\/gitedugrandcerf.com\/w\/contact\",\"url\":\"https:\/\/gitedugrandcerf.com\/w\/contact\",\"name\":\"Contact - G\u00eete du Grand Cerf Sarthe\",\"isPartOf\":{\"@id\":\"https:\/\/gitedugrandcerf.com\/w\/#website\"},\"datePublished\":\"2014-12-16T15:55:38+00:00\",\"dateModified\":\"2026-01-05T10:25:15+00:00\",\"breadcrumb\":{\"@id\":\"https:\/\/gitedugrandcerf.com\/w\/contact#breadcrumb\"},\"inLanguage\":\"fr-FR\",\"potentialAction\":[{\"@type\":\"ReadAction\",\"target\":[\"https:\/\/gitedugrandcerf.com\/w\/contact\"]}]},{\"@type\":\"BreadcrumbList\",\"@id\":\"https:\/\/gitedugrandcerf.com\/w\/contact#breadcrumb\",\"itemListElement\":[{\"@type\":\"ListItem\",\"position\":1,\"name\":\"Accueil\",\"item\":\"https:\/\/gitedugrandcerf.com\/w\/\"},{\"@type\":\"ListItem\",\"position\":2,\"name\":\"Contact\"}]},{\"@type\":\"WebSite\",\"@id\":\"https:\/\/gitedugrandcerf.com\/w\/#website\",\"url\":\"https:\/\/gitedugrandcerf.com\/w\/\",\"name\":\"G\u00eete du Grand Cerf Sarthe\",\"description\":\"G\u00eete &amp; salle de r\u00e9ceptions pour mariages, repas, s\u00e9minaire entreprise - Sarthe\",\"potentialAction\":[{\"@type\":\"SearchAction\",\"target\":{\"@type\":\"EntryPoint\",\"urlTemplate\":\"https:\/\/gitedugrandcerf.com\/w\/?s={search_term_string}\"},\"query-input\":{\"@type\":\"PropertyValueSpecification\",\"valueRequired\":true,\"valueName\":\"search_term_string\"}}],\"inLanguage\":\"fr-FR\"}]}<\/script>\n<!-- \/ Yoast SEO plugin. -->","yoast_head_json":{"title":"Contact - G\u00eete du Grand Cerf Sarthe","robots":{"index":"index","follow":"follow","max-snippet":"max-snippet:-1","max-image-preview":"max-image-preview:large","max-video-preview":"max-video-preview:-1"},"canonical":"https:\/\/gitedugrandcerf.com\/w\/contact","og_locale":"fr_FR","og_type":"article","og_title":"Contact - G\u00eete du Grand Cerf Sarthe","og_description":"[vc_row][vc_column][vc_raw_html css=\u00a0\u00bb\u00a0\u00bb]JTNDc3R5bGUlM0UuZmYtZGVmYXVsdCUyMC5mZi1lbC1pbnB1dC0tbGFiZWwlMjBsYWJlbCUyQyUyMC5mcm0tZmx1ZW50LWZvcm0lMjAuY2hvaWNlc19fbGlzdC0tZHJvcGRvd24lMjAuY2hvaWNlc19faXRlbS0tc2VsZWN0YWJsZS5pcy1oaWdobGlnaHRlZCUyQyUyMCUyMCUyMCUyMCUyMC5mcm0tZmx1ZW50LWZvcm0lMjAuY2hvaWNlc19fbGlzdC0tZHJvcGRvd24lMjAuY2hvaWNlc19faXRlbS0tc2VsZWN0YWJsZSUyQyUyMC5mZi1tZXNzYWdlLXN1Y2Nlc3MlMjAlN0IlMjBjb2xvciUzQSUyMzAwMDAwMCUyMWltcG9ydGFudCUzQiUyMCU3RCUzQyUyRnN0eWxlJTNF[\/vc_raw_html][\/vc_column][\/vc_row][vc_row][vc_column][vc_column_text][\/vc_column_text][\/vc_column][\/vc_row]","og_url":"https:\/\/gitedugrandcerf.com\/w\/contact","og_site_name":"G\u00eete du Grand Cerf Sarthe","article_publisher":"https:\/\/www.facebook.com\/pages\/G%c3%aete-du-Grand-Cerf\/525910750877723","article_modified_time":"2026-01-05T10:25:15+00:00","twitter_misc":{"Dur\u00e9e de lecture estim\u00e9e":"1 minute"},"schema":{"@context":"https:\/\/schema.org","@graph":[{"@type":"WebPage","@id":"https:\/\/gitedugrandcerf.com\/w\/contact","url":"https:\/\/gitedugrandcerf.com\/w\/contact","name":"Contact - G\u00eete du Grand Cerf Sarthe","isPartOf":{"@id":"https:\/\/gitedugrandcerf.com\/w\/#website"},"datePublished":"2014-12-16T15:55:38+00:00","dateModified":"2026-01-05T10:25:15+00:00","breadcrumb":{"@id":"https:\/\/gitedugrandcerf.com\/w\/contact#breadcrumb"},"inLanguage":"fr-FR","potentialAction":[{"@type":"ReadAction","target":["https:\/\/gitedugrandcerf.com\/w\/contact"]}]},{"@type":"BreadcrumbList","@id":"https:\/\/gitedugrandcerf.com\/w\/contact#breadcrumb","itemListElement":[{"@type":"ListItem","position":1,"name":"Accueil","item":"https:\/\/gitedugrandcerf.com\/w\/"},{"@type":"ListItem","position":2,"name":"Contact"}]},{"@type":"WebSite","@id":"https:\/\/gitedugrandcerf.com\/w\/#website","url":"https:\/\/gitedugrandcerf.com\/w\/","name":"G\u00eete du Grand Cerf Sarthe","description":"G\u00eete &amp; salle de r\u00e9ceptions pour mariages, repas, s\u00e9minaire entreprise - Sarthe","potentialAction":[{"@type":"SearchAction","target":{"@type":"EntryPoint","urlTemplate":"https:\/\/gitedugrandcerf.com\/w\/?s={search_term_string}"},"query-input":{"@type":"PropertyValueSpecification","valueRequired":true,"valueName":"search_term_string"}}],"inLanguage":"fr-FR"}]}},"_links":{"self":[{"href":"https:\/\/gitedugrandcerf.com\/w\/wp-json\/wp\/v2\/pages\/6684","targetHints":{"allow":["GET"]}}],"collection":[{"href":"https:\/\/gitedugrandcerf.com\/w\/wp-json\/wp\/v2\/pages"}],"about":[{"href":"https:\/\/gitedugrandcerf.com\/w\/wp-json\/wp\/v2\/types\/page"}],"author":[{"embeddable":true,"href":"https:\/\/gitedugrandcerf.com\/w\/wp-json\/wp\/v2\/users\/1"}],"replies":[{"embeddable":true,"href":"https:\/\/gitedugrandcerf.com\/w\/wp-json\/wp\/v2\/comments?post=6684"}],"version-history":[{"count":9,"href":"https:\/\/gitedugrandcerf.com\/w\/wp-json\/wp\/v2\/pages\/6684\/revisions"}],"predecessor-version":[{"id":17527,"href":"https:\/\/gitedugrandcerf.com\/w\/wp-json\/wp\/v2\/pages\/6684\/revisions\/17527"}],"wp:attachment":[{"href":"https:\/\/gitedugrandcerf.com\/w\/wp-json\/wp\/v2\/media?parent=6684"}],"curies":[{"name":"wp","href":"https:\/\/api.w.org\/{rel}","templated":true}]}}