{"id":6678,"date":"2014-12-16T15:54:55","date_gmt":"2014-12-16T15:54:55","guid":{"rendered":"http:\/\/gitedugrandcerf.com\/w\/?page_id=6678"},"modified":"2020-10-13T13:10:16","modified_gmt":"2020-10-13T13:10:16","slug":"le-gite","status":"publish","type":"page","link":"https:\/\/gitedugrandcerf.com\/w\/le-gite","title":{"rendered":"Le G\u00eete"},"content":{"rendered":"<div class=\"wpb-content-wrapper\">[vc_row][vc_column][vc_column_text]<strong>Le G\u00eete du Grand Cerf<\/strong> met a votre disposition des locaux avec une <strong>capacit\u00e9 de 200 personnes<\/strong>, ainsi qu\u2019une <strong>grande terrasse couverte de 150 m\u00b2<\/strong>\u00a0et d\u2019une autre <strong>terrasse en bois<\/strong> et son mobilier, cet endroit est <strong>id\u00e9al pour les c\u00e9l\u00e9brations<\/strong>.<\/p>\n<p><strong>Des professionnels de l\u2019h\u00e9bergement<\/strong> qui vous \u00e9coutent et vous offrent un service personnalis\u00e9 ou toutes <strong>vos demandes sont \u00e9tudi\u00e9es et personnalis\u00e9es<\/strong>.<\/p>\n<p>Nous\u00a0vous proposons des <strong>couchages de qualit\u00e9<\/strong>, en <strong>chalets<\/strong>, <strong>chambres individuelles<\/strong>, <strong>chambres familiales<\/strong>.<\/p>\n<p><strong>Tous nos couchages sont fournis avec draps, couvertures.<\/strong><\/p>\n<p>Vous aurez aussi le choix pour les <strong>tables rondes ou rectangles<\/strong>.<\/p>\n<p><strong>Le G\u00eete du Grand Cerf<\/strong> vous propose aussi son <strong>service traiteur<\/strong> avec la soci\u00e9t\u00e9 Clic &amp; Cook.<\/p>\n<p><strong>Toutes nos actualit\u00e9s<\/strong> sont \u00e0 retrouver sur notre page <a title=\"Facebook G\u00eete Du Grand Cerf\" href=\"https:\/\/www.facebook.com\/pages\/G%C3%AEte-du-Grand-Cerf\/525910750877723\" target=\"_blank\" rel=\"noopener noreferrer\">Facebook<\/a>.<\/p>\n<pre class=\"x-code\"><code><a  class=\"x-btn x-btn-transparent x-btn-square x-btn-regular\"  href=\"https:\/\/www.facebook.com\/pages\/G%C3%AEte-du-Grand-Cerf\/525910750877723\" title=\"Page Facebook G\u00eete du Grand Cerf\"    data-options=\"thumbnail: ''\">Notre Facebook<\/a><\/code><\/pre>\n[\/vc_column_text][\/vc_column][\/vc_row]\n<\/div>","protected":false},"excerpt":{"rendered":"<p>[vc_row][vc_column][vc_column_text]Le G\u00eete du Grand Cerf met a votre disposition des locaux avec une capacit\u00e9 de 200 personnes, ainsi qu\u2019une grande terrasse couverte de 150 m\u00b2\u00a0et d\u2019une autre terrasse en bois et son mobilier, cet endroit est id\u00e9al pour les c\u00e9l\u00e9brations. Des professionnels de l\u2019h\u00e9bergement qui vous \u00e9coutent et vous offrent un service personnalis\u00e9 ou toutes vos demandes sont \u00e9tudi\u00e9es et personnalis\u00e9es. Nous\u00a0vous proposons des couchages de qualit\u00e9, en chalets, chambres individuelles, chambres familiales. Tous nos couchages sont fournis avec draps, couvertures. Vous aurez aussi le choix pour les tables rondes ou rectangles. Le G\u00eete du Grand Cerf vous propose aussi son service traiteur avec la soci\u00e9t\u00e9 Clic &amp; Cook. Toutes nos actualit\u00e9s sont \u00e0 retrouver sur notre page Facebook. [\/vc_column_text][\/vc_column][\/vc_row]<\/p>\n","protected":false},"author":1,"featured_media":0,"parent":0,"menu_order":0,"comment_status":"closed","ping_status":"closed","template":"template-layout-content-sidebar.php","meta":{"_acf_changed":false,"_exactmetrics_skip_tracking":false,"_exactmetrics_sitenote_active":false,"_exactmetrics_sitenote_note":"","_exactmetrics_sitenote_category":0,"footnotes":""},"class_list":["post-6678","page","type-page","status-publish","hentry","no-post-thumbnail"],"acf":[],"yoast_head":"<!-- This site is optimized with the Yoast SEO plugin v27.2 - https:\/\/yoast.com\/product\/yoast-seo-wordpress\/ -->\n<title>G\u00eete : salle de r\u00e9ceptions mariage repas d&#039;entreprise - Sarthe G\u00eete du Grand Cerf<\/title>\n<meta name=\"description\" content=\"Le G\u00eete du Grand Cerf Sarthe vous propose sa salle de r\u00e9ception pour vos mariages, repas d&#039;entreprise ou tout autre \u00e9v\u00e9nement. Le g\u00eete a un service traiteur\" \/>\n<meta name=\"robots\" content=\"index, follow, max-snippet:-1, max-image-preview:large, max-video-preview:-1\" \/>\n<link rel=\"canonical\" href=\"https:\/\/gitedugrandcerf.com\/w\/le-gite\" \/>\n<meta property=\"og:locale\" content=\"fr_FR\" \/>\n<meta property=\"og:type\" content=\"article\" \/>\n<meta property=\"og:title\" content=\"G\u00eete : salle de r\u00e9ceptions mariage repas d&#039;entreprise - Sarthe G\u00eete du Grand Cerf\" \/>\n<meta property=\"og:description\" content=\"Le G\u00eete du Grand Cerf Sarthe vous propose sa salle de r\u00e9ception pour vos mariages, repas d&#039;entreprise ou tout autre \u00e9v\u00e9nement. Le g\u00eete a un service traiteur\" \/>\n<meta property=\"og:url\" content=\"https:\/\/gitedugrandcerf.com\/w\/le-gite\" \/>\n<meta property=\"og:site_name\" content=\"G\u00eete du Grand Cerf Sarthe\" \/>\n<meta property=\"article:publisher\" content=\"https:\/\/www.facebook.com\/pages\/G%c3%aete-du-Grand-Cerf\/525910750877723\" \/>\n<meta property=\"article:modified_time\" content=\"2020-10-13T13:10:16+00:00\" \/>\n<meta name=\"twitter:label1\" content=\"Dur\u00e9e de lecture estim\u00e9e\" \/>\n\t<meta name=\"twitter:data1\" content=\"1 minute\" \/>\n<script type=\"application\/ld+json\" class=\"yoast-schema-graph\">{\"@context\":\"https:\/\/schema.org\",\"@graph\":[{\"@type\":\"WebPage\",\"@id\":\"https:\/\/gitedugrandcerf.com\/w\/le-gite\",\"url\":\"https:\/\/gitedugrandcerf.com\/w\/le-gite\",\"name\":\"G\u00eete : salle de r\u00e9ceptions mariage repas d'entreprise - Sarthe G\u00eete du Grand Cerf\",\"isPartOf\":{\"@id\":\"https:\/\/gitedugrandcerf.com\/w\/#website\"},\"datePublished\":\"2014-12-16T15:54:55+00:00\",\"dateModified\":\"2020-10-13T13:10:16+00:00\",\"description\":\"Le G\u00eete du Grand Cerf Sarthe vous propose sa salle de r\u00e9ception pour vos mariages, repas d'entreprise ou tout autre \u00e9v\u00e9nement. Le g\u00eete a un service traiteur\",\"breadcrumb\":{\"@id\":\"https:\/\/gitedugrandcerf.com\/w\/le-gite#breadcrumb\"},\"inLanguage\":\"fr-FR\",\"potentialAction\":[{\"@type\":\"ReadAction\",\"target\":[\"https:\/\/gitedugrandcerf.com\/w\/le-gite\"]}]},{\"@type\":\"BreadcrumbList\",\"@id\":\"https:\/\/gitedugrandcerf.com\/w\/le-gite#breadcrumb\",\"itemListElement\":[{\"@type\":\"ListItem\",\"position\":1,\"name\":\"Accueil\",\"item\":\"https:\/\/gitedugrandcerf.com\/w\/\"},{\"@type\":\"ListItem\",\"position\":2,\"name\":\"Le G\u00eete\"}]},{\"@type\":\"WebSite\",\"@id\":\"https:\/\/gitedugrandcerf.com\/w\/#website\",\"url\":\"https:\/\/gitedugrandcerf.com\/w\/\",\"name\":\"G\u00eete du Grand Cerf Sarthe\",\"description\":\"G\u00eete &amp; salle de r\u00e9ceptions pour mariages, repas, s\u00e9minaire entreprise - Sarthe\",\"potentialAction\":[{\"@type\":\"SearchAction\",\"target\":{\"@type\":\"EntryPoint\",\"urlTemplate\":\"https:\/\/gitedugrandcerf.com\/w\/?s={search_term_string}\"},\"query-input\":{\"@type\":\"PropertyValueSpecification\",\"valueRequired\":true,\"valueName\":\"search_term_string\"}}],\"inLanguage\":\"fr-FR\"}]}<\/script>\n<!-- \/ Yoast SEO plugin. -->","yoast_head_json":{"title":"G\u00eete : salle de r\u00e9ceptions mariage repas d'entreprise - Sarthe G\u00eete du Grand Cerf","description":"Le G\u00eete du Grand Cerf Sarthe vous propose sa salle de r\u00e9ception pour vos mariages, repas d'entreprise ou tout autre \u00e9v\u00e9nement. Le g\u00eete a un service traiteur","robots":{"index":"index","follow":"follow","max-snippet":"max-snippet:-1","max-image-preview":"max-image-preview:large","max-video-preview":"max-video-preview:-1"},"canonical":"https:\/\/gitedugrandcerf.com\/w\/le-gite","og_locale":"fr_FR","og_type":"article","og_title":"G\u00eete : salle de r\u00e9ceptions mariage repas d'entreprise - Sarthe G\u00eete du Grand Cerf","og_description":"Le G\u00eete du Grand Cerf Sarthe vous propose sa salle de r\u00e9ception pour vos mariages, repas d'entreprise ou tout autre \u00e9v\u00e9nement. Le g\u00eete a un service traiteur","og_url":"https:\/\/gitedugrandcerf.com\/w\/le-gite","og_site_name":"G\u00eete du Grand Cerf Sarthe","article_publisher":"https:\/\/www.facebook.com\/pages\/G%c3%aete-du-Grand-Cerf\/525910750877723","article_modified_time":"2020-10-13T13:10:16+00:00","twitter_misc":{"Dur\u00e9e de lecture estim\u00e9e":"1 minute"},"schema":{"@context":"https:\/\/schema.org","@graph":[{"@type":"WebPage","@id":"https:\/\/gitedugrandcerf.com\/w\/le-gite","url":"https:\/\/gitedugrandcerf.com\/w\/le-gite","name":"G\u00eete : salle de r\u00e9ceptions mariage repas d'entreprise - Sarthe G\u00eete du Grand Cerf","isPartOf":{"@id":"https:\/\/gitedugrandcerf.com\/w\/#website"},"datePublished":"2014-12-16T15:54:55+00:00","dateModified":"2020-10-13T13:10:16+00:00","description":"Le G\u00eete du Grand Cerf Sarthe vous propose sa salle de r\u00e9ception pour vos mariages, repas d'entreprise ou tout autre \u00e9v\u00e9nement. Le g\u00eete a un service traiteur","breadcrumb":{"@id":"https:\/\/gitedugrandcerf.com\/w\/le-gite#breadcrumb"},"inLanguage":"fr-FR","potentialAction":[{"@type":"ReadAction","target":["https:\/\/gitedugrandcerf.com\/w\/le-gite"]}]},{"@type":"BreadcrumbList","@id":"https:\/\/gitedugrandcerf.com\/w\/le-gite#breadcrumb","itemListElement":[{"@type":"ListItem","position":1,"name":"Accueil","item":"https:\/\/gitedugrandcerf.com\/w\/"},{"@type":"ListItem","position":2,"name":"Le G\u00eete"}]},{"@type":"WebSite","@id":"https:\/\/gitedugrandcerf.com\/w\/#website","url":"https:\/\/gitedugrandcerf.com\/w\/","name":"G\u00eete du Grand Cerf Sarthe","description":"G\u00eete &amp; salle de r\u00e9ceptions pour mariages, repas, s\u00e9minaire entreprise - Sarthe","potentialAction":[{"@type":"SearchAction","target":{"@type":"EntryPoint","urlTemplate":"https:\/\/gitedugrandcerf.com\/w\/?s={search_term_string}"},"query-input":{"@type":"PropertyValueSpecification","valueRequired":true,"valueName":"search_term_string"}}],"inLanguage":"fr-FR"}]}},"_links":{"self":[{"href":"https:\/\/gitedugrandcerf.com\/w\/wp-json\/wp\/v2\/pages\/6678","targetHints":{"allow":["GET"]}}],"collection":[{"href":"https:\/\/gitedugrandcerf.com\/w\/wp-json\/wp\/v2\/pages"}],"about":[{"href":"https:\/\/gitedugrandcerf.com\/w\/wp-json\/wp\/v2\/types\/page"}],"author":[{"embeddable":true,"href":"https:\/\/gitedugrandcerf.com\/w\/wp-json\/wp\/v2\/users\/1"}],"replies":[{"embeddable":true,"href":"https:\/\/gitedugrandcerf.com\/w\/wp-json\/wp\/v2\/comments?post=6678"}],"version-history":[{"count":12,"href":"https:\/\/gitedugrandcerf.com\/w\/wp-json\/wp\/v2\/pages\/6678\/revisions"}],"predecessor-version":[{"id":10487,"href":"https:\/\/gitedugrandcerf.com\/w\/wp-json\/wp\/v2\/pages\/6678\/revisions\/10487"}],"wp:attachment":[{"href":"https:\/\/gitedugrandcerf.com\/w\/wp-json\/wp\/v2\/media?parent=6678"}],"curies":[{"name":"wp","href":"https:\/\/api.w.org\/{rel}","templated":true}]}}